{"id":2199,"date":"2024-12-10T13:06:21","date_gmt":"2024-12-10T13:06:21","guid":{"rendered":"https:\/\/neuronthemes.com\/zaan\/?page_id=2199"},"modified":"2025-06-16T17:05:07","modified_gmt":"2025-06-16T15:05:07","slug":"a-propos-qui-sommes-nous","status":"publish","type":"page","link":"https:\/\/silence-magazine.com\/en\/a-propos-qui-sommes-nous\/","title":{"rendered":"\u00c0 propos"},"content":{"rendered":"<div data-elementor-type=\"wp-page\" data-elementor-id=\"2199\" class=\"elementor elementor-2199\" data-elementor-post-type=\"page\">\n\t\t\t\t<div class=\"elementor-element elementor-element-0aece28 e-con-full n-zaan-container--wide e-flex e-con e-child\" data-id=\"0aece28\" data-element_type=\"container\" data-e-type=\"container\">\n\t\t\t\t<div class=\"elementor-element elementor-element-47502ff elementor-widget elementor-widget-neuron-breadcrumbs\" data-id=\"47502ff\" data-element_type=\"widget\" data-e-type=\"widget\" data-widget_type=\"neuron-breadcrumbs.default\">\n\t\t\t\t<div class=\"elementor-widget-container\">\n\t\t\t\t\t\r\n\t\t\t<div class=\"m-neuron-breadcrumbs\" aria-label=\"You are here:\">\r\n\t\t\t\t<span class=\"m-neuron-breadcrumbs__item\"><a href=\"https:\/\/silence-magazine.com\/\">Accueil \/<\/a><\/span> <span class=\"m-neuron-breadcrumbs__separator\"> <\/span> <span class=\"m-neuron-breadcrumbs__item\" aria-current=\"page\">\u00c0 propos<\/span>\t\t\t<\/div>\r\n\r\n\t\t   \t\t\t\t<\/div>\n\t\t\t\t<\/div>\n\t\t\t\t<\/div>\n\t\t<div class=\"elementor-element elementor-element-9ec2109 e-flex e-con-boxed e-con e-parent\" data-id=\"9ec2109\" data-element_type=\"container\" data-e-type=\"container\">\n\t\t\t\t\t<div class=\"e-con-inner\">\n\t\t\t\t<div class=\"elementor-element elementor-element-ae2e1c0 elementor-widget elementor-widget-spacer\" data-id=\"ae2e1c0\" data-element_type=\"widget\" data-e-type=\"widget\" data-widget_type=\"spacer.default\">\n\t\t\t\t<div class=\"elementor-widget-container\">\n\t\t\t\t\t\t\t<div class=\"elementor-spacer\">\n\t\t\t<div class=\"elementor-spacer-inner\"><\/div>\n\t\t<\/div>\n\t\t\t\t\t\t<\/div>\n\t\t\t\t<\/div>\n\t\t\t\t<div class=\"elementor-element elementor-element-c4dd998 elementor-widget elementor-widget-heading\" data-id=\"c4dd998\" data-element_type=\"widget\" data-e-type=\"widget\" data-widget_type=\"heading.default\">\n\t\t\t\t<div class=\"elementor-widget-container\">\n\t\t\t\t\t<h1 class=\"elementor-heading-title elementor-size-default\"><h1>\u00c0 propos du magazine silence<\/h1><\/h1>\t\t\t\t<\/div>\n\t\t\t\t<\/div>\n\t\t\t\t\t<\/div>\n\t\t\t\t<\/div>\n\t\t<div class=\"elementor-element elementor-element-90e8b43 e-flex e-con-boxed e-con e-parent\" data-id=\"90e8b43\" data-element_type=\"container\" data-e-type=\"container\">\n\t\t\t\t\t<div class=\"e-con-inner\">\n\t\t\t\t<div class=\"elementor-element elementor-element-a6683b4 elementor-widget elementor-widget-text-editor\" data-id=\"a6683b4\" data-element_type=\"widget\" data-e-type=\"widget\" data-widget_type=\"text-editor.default\">\n\t\t\t\t<div class=\"elementor-widget-container\">\n\t\t\t\t\t\t\t\t\t<p><em>Silence<\/em> est un magazine en ligne ind\u00e9pendant consacr\u00e9 au <strong>slow design<\/strong>, aux <strong>objets durables<\/strong>, \u00e0 la <strong>consommation responsable<\/strong> et \u00e0 la <strong>lutte contre l\u2019obsolescence esth\u00e9tique<\/strong>. Nous mettons en lumi\u00e8re les cr\u00e9ateurs, designers et entreprises qui d\u00e9fendent une vision plus sobre, plus belle et plus durable du monde.<\/p>\t\t\t\t\t\t\t\t<\/div>\n\t\t\t\t<\/div>\n\t\t\t\t\t<\/div>\n\t\t\t\t<\/div>\n\t\t<div class=\"elementor-element elementor-element-7964405 e-con-full e-flex e-con e-parent\" data-id=\"7964405\" data-element_type=\"container\" data-e-type=\"container\">\n\t\t<div class=\"elementor-element elementor-element-8a865a4 e-con-full e-flex e-con e-child\" data-id=\"8a865a4\" data-element_type=\"container\" data-e-type=\"container\">\n\t\t\t\t<div class=\"elementor-element elementor-element-9949277 elementor-widget elementor-widget-image\" data-id=\"9949277\" data-element_type=\"widget\" data-e-type=\"widget\" data-widget_type=\"image.default\">\n\t\t\t\t<div class=\"elementor-widget-container\">\n\t\t\t\t\t\t\t\t\t\t\t\t\t\t\t<img fetchpriority=\"high\" decoding=\"async\" width=\"900\" height=\"736\" src=\"https:\/\/silence-magazine.com\/wp-content\/uploads\/2025\/06\/DSCF1662-copie-1.jpg\" class=\"attachment-large size-large wp-image-8939\" alt=\"\" srcset=\"https:\/\/silence-magazine.com\/wp-content\/uploads\/2025\/06\/DSCF1662-copie-1.jpg 900w, https:\/\/silence-magazine.com\/wp-content\/uploads\/2025\/06\/DSCF1662-copie-1-300x245.jpg 300w, https:\/\/silence-magazine.com\/wp-content\/uploads\/2025\/06\/DSCF1662-copie-1-768x628.jpg 768w, https:\/\/silence-magazine.com\/wp-content\/uploads\/2025\/06\/DSCF1662-copie-1-15x12.jpg 15w, https:\/\/silence-magazine.com\/wp-content\/uploads\/2025\/06\/DSCF1662-copie-1-600x491.jpg 600w\" sizes=\"(max-width: 900px) 100vw, 900px\" \/>\t\t\t\t\t\t\t\t\t\t\t\t\t\t\t<\/div>\n\t\t\t\t<\/div>\n\t\t\t\t<\/div>\n\t\t<div class=\"elementor-element elementor-element-5e009b5 e-con-full e-flex e-con e-child\" data-id=\"5e009b5\" data-element_type=\"container\" data-e-type=\"container\">\n\t\t\t\t<div class=\"elementor-element elementor-element-d27a6a4 elementor-widget elementor-widget-text-editor\" data-id=\"d27a6a4\" data-element_type=\"widget\" data-e-type=\"widget\" data-widget_type=\"text-editor.default\">\n\t\t\t\t<div class=\"elementor-widget-container\">\n\t\t\t\t\t\t\t\t\t<p>Je m&rsquo;appelle <strong>R\u00e9mi Reguin <\/strong>fondateur de Silence. Je suis designer, entrepreneur, explorateur d\u2019objets et de formes de vie durables. <em>Silence<\/em> est ma mani\u00e8re de partager un regard. Ni nostalgique, ni na\u00eff \u2014 autant que possible.<\/p><p>Je suis profond\u00e9ment convaincu que le design peut contribuer \u00e0 ralentir le monde, et participer, \u00e0 sa mani\u00e8re, \u00e0 la transition \u00e9cologique.<\/p><p>Fondateur de <strong>BAAK Motocyclettes<\/strong>, j\u2019ai aujourd\u2019hui quitt\u00e9 cette aventure. D\u2019abord parce que les clients ont, eux aussi, pris conscience qu\u2019une moto customis\u00e9e, aussi belle soit-elle, g\u00e9n\u00e8re des d\u00e9chets. Et puis parce que, moi non plus, je ne me reconnaissais plus dans cette activit\u00e9 carbon\u00e9e.<\/p><p>Pourtant, pendant des ann\u00e9es, j\u2019y ai exp\u00e9riment\u00e9 des cr\u00e9ations relevant d\u00e9j\u00e0 du <em>slow design<\/em> : des pi\u00e8ces fabriqu\u00e9es localement, en s\u00e9ries limit\u00e9es, avec des mat\u00e9riaux nobles et durables. Ce chemin continue ici, autrement.<\/p>\t\t\t\t\t\t\t\t<\/div>\n\t\t\t\t<\/div>\n\t\t\t\t<\/div>\n\t\t\t\t<\/div>\n\t\t<div class=\"elementor-element elementor-element-6c0cf91 e-flex e-con-boxed e-con e-parent\" data-id=\"6c0cf91\" data-element_type=\"container\" data-e-type=\"container\">\n\t\t\t\t\t<div class=\"e-con-inner\">\n\t\t\t\t<div class=\"elementor-element elementor-element-fe9fddc elementor-widget elementor-widget-spacer\" data-id=\"fe9fddc\" data-element_type=\"widget\" data-e-type=\"widget\" data-widget_type=\"spacer.default\">\n\t\t\t\t<div class=\"elementor-widget-container\">\n\t\t\t\t\t\t\t<div class=\"elementor-spacer\">\n\t\t\t<div class=\"elementor-spacer-inner\"><\/div>\n\t\t<\/div>\n\t\t\t\t\t\t<\/div>\n\t\t\t\t<\/div>\n\t\t\t\t<div class=\"elementor-element elementor-element-19e7f19 elementor-widget elementor-widget-neuron-scrolling-text\" data-id=\"19e7f19\" data-element_type=\"widget\" data-e-type=\"widget\" data-widget_type=\"neuron-scrolling-text.default\">\n\t\t\t\t<div class=\"elementor-widget-container\">\n\t\t\t\t\t            <div class=\"a-scrolling-text\">\r\n                <div class=\"a-scrolling-text__inner\">\r\n                    <h2 class=\"elementor-heading-title elementor-size-default\">Vous aussi, faites v\u0153u de Silence..<\/h2><h2 class=\"elementor-heading-title elementor-size-default\">Vous aussi, faites v\u0153u de Silence..<\/h2><h2 class=\"elementor-heading-title elementor-size-default\">Vous aussi, faites v\u0153u de Silence..<\/h2>                <\/div>\r\n            <\/div>\r\n        \t\t\t\t<\/div>\n\t\t\t\t<\/div>\n\t\t\t\t\t<\/div>\n\t\t\t\t<\/div>\n\t\t<div class=\"elementor-element elementor-element-30e883e e-flex e-con-boxed e-con e-parent\" data-id=\"30e883e\" data-element_type=\"container\" data-e-type=\"container\">\n\t\t\t\t\t<div class=\"e-con-inner\">\n\t\t<div class=\"elementor-element elementor-element-85a6a71 e-con-full e-flex e-con e-child\" data-id=\"85a6a71\" data-element_type=\"container\" data-e-type=\"container\">\n\t\t\t\t<div class=\"elementor-element elementor-element-c05e0ed elementor-widget elementor-widget-heading\" data-id=\"c05e0ed\" data-element_type=\"widget\" data-e-type=\"widget\" data-widget_type=\"heading.default\">\n\t\t\t\t<div class=\"elementor-widget-container\">\n\t\t\t\t\t<h2 class=\"elementor-heading-title elementor-size-default\">Contactez la r\u00e9daction<\/h2>\t\t\t\t<\/div>\n\t\t\t\t<\/div>\n\t\t\t\t<div class=\"elementor-element elementor-element-f787453 elementor-widget elementor-widget-spacer\" data-id=\"f787453\" data-element_type=\"widget\" data-e-type=\"widget\" data-widget_type=\"spacer.default\">\n\t\t\t\t<div class=\"elementor-widget-container\">\n\t\t\t\t\t\t\t<div class=\"elementor-spacer\">\n\t\t\t<div class=\"elementor-spacer-inner\"><\/div>\n\t\t<\/div>\n\t\t\t\t\t\t<\/div>\n\t\t\t\t<\/div>\n\t\t\t\t<div class=\"elementor-element elementor-element-52c2320 elementor-align-center elementor-widget elementor-widget-button\" data-id=\"52c2320\" data-element_type=\"widget\" data-e-type=\"widget\" data-widget_type=\"button.default\">\n\t\t\t\t<div class=\"elementor-widget-container\">\n\t\t\t\t\t\t\t\t\t<div class=\"elementor-button-wrapper\">\n\t\t\t\t\t<a class=\"elementor-button elementor-button-link elementor-size-sm\" href=\"https:\/\/silence-magazine.com\/fr\/contact-silence-magazine-redaction\/\">\n\t\t\t\t\t\t<span class=\"elementor-button-content-wrapper\">\n\t\t\t\t\t\t\t\t\t<span class=\"elementor-button-text\">Acc\u00e8s \u00e0 la page contact<\/span>\n\t\t\t\t\t<\/span>\n\t\t\t\t\t<\/a>\n\t\t\t\t<\/div>\n\t\t\t\t\t\t\t\t<\/div>\n\t\t\t\t<\/div>\n\t\t\t\t<div class=\"elementor-element elementor-element-ab75141 elementor-widget elementor-widget-spacer\" data-id=\"ab75141\" data-element_type=\"widget\" data-e-type=\"widget\" data-widget_type=\"spacer.default\">\n\t\t\t\t<div class=\"elementor-widget-container\">\n\t\t\t\t\t\t\t<div class=\"elementor-spacer\">\n\t\t\t<div class=\"elementor-spacer-inner\"><\/div>\n\t\t<\/div>\n\t\t\t\t\t\t<\/div>\n\t\t\t\t<\/div>\n\t\t\t\t<div class=\"elementor-element elementor-element-6e3a246 elementor-widget elementor-widget-heading\" data-id=\"6e3a246\" data-element_type=\"widget\" data-e-type=\"widget\" data-widget_type=\"heading.default\">\n\t\t\t\t<div class=\"elementor-widget-container\">\n\t\t\t\t\t<h2 class=\"elementor-heading-title elementor-size-default\">Lisez le manifeste<\/h2>\t\t\t\t<\/div>\n\t\t\t\t<\/div>\n\t\t\t\t<div class=\"elementor-element elementor-element-0717766 elementor-widget elementor-widget-spacer\" data-id=\"0717766\" data-element_type=\"widget\" data-e-type=\"widget\" data-widget_type=\"spacer.default\">\n\t\t\t\t<div class=\"elementor-widget-container\">\n\t\t\t\t\t\t\t<div class=\"elementor-spacer\">\n\t\t\t<div class=\"elementor-spacer-inner\"><\/div>\n\t\t<\/div>\n\t\t\t\t\t\t<\/div>\n\t\t\t\t<\/div>\n\t\t\t\t<div class=\"elementor-element elementor-element-ac4f1fd elementor-align-center elementor-widget elementor-widget-button\" data-id=\"ac4f1fd\" data-element_type=\"widget\" data-e-type=\"widget\" data-widget_type=\"button.default\">\n\t\t\t\t<div class=\"elementor-widget-container\">\n\t\t\t\t\t\t\t\t\t<div class=\"elementor-button-wrapper\">\n\t\t\t\t\t<a class=\"elementor-button elementor-button-link elementor-size-sm\" href=\"https:\/\/silence-magazine.com\/fr\/manifeste-silence-magazine-slow-design\/\">\n\t\t\t\t\t\t<span class=\"elementor-button-content-wrapper\">\n\t\t\t\t\t\t\t\t\t<span class=\"elementor-button-text\">Acc\u00e8s au manifeste<\/span>\n\t\t\t\t\t<\/span>\n\t\t\t\t\t<\/a>\n\t\t\t\t<\/div>\n\t\t\t\t\t\t\t\t<\/div>\n\t\t\t\t<\/div>\n\t\t\t\t<\/div>\n\t\t\t\t<div class=\"elementor-element elementor-element-3153210 elementor-widget elementor-widget-text-editor\" data-id=\"3153210\" data-element_type=\"widget\" data-e-type=\"widget\" data-widget_type=\"text-editor.default\">\n\t\t\t\t<div class=\"elementor-widget-container\">\n\t\t\t\t\t\t\t\t\t<h2>Pourquoi j\u2019ai cr\u00e9\u00e9 <em>Silence<\/em><\/h2><p>Il y a des objets qu\u2019on ne classe pas. Ni modernes, ni anciens. Ils sont l\u00e0, simplement justes. Une <strong>voiture au design intemporel<\/strong>, une pi\u00e8ce pens\u00e9e pour durer, un objet qui traverse les ann\u00e9es sans bruit. <strong>Ce n&rsquo;est pas ringard, c&rsquo;est intemporel !<\/strong>\u00a0<\/p><p>Depuis des ann\u00e9es, je cherche cette \u00e9vidence. Dans mes projets, mes fabrications, mes obsessions. J\u2019ai explor\u00e9 la <strong>moto<\/strong>, les objets, aujourd\u2019hui la <strong>voiture durable<\/strong>. Et toujours ce m\u00eame fil : cr\u00e9er moins, mais mieux. Imaginer des formes qui ne s\u2019\u00e9puisent pas. Donner du sens, pas du volume.<\/p><p>On parle beaucoup d\u2019<strong>\u00e9cologie<\/strong>, de <strong>durabilit\u00e9<\/strong>, d\u2019<strong>\u00e9co-conception<\/strong>. Mais trop peu de ce que peut offrir le <strong>design<\/strong> en lui-m\u00eame : de la sobri\u00e9t\u00e9, de l\u2019intelligence, de la retenue. Un objet bien con\u00e7u peut durer <strong>30 \u00e0 50\u202f% plus longtemps<\/strong>, sans innovation technologique, sans mat\u00e9riaux rares, sans usine miracle. Juste par le dessin, le sens et le soin. Et c\u2019est presque gratuit.<\/p><p>Apr\u00e8s cinquante ans de consommation ivre de vitesse, il est temps de d\u00e9souler. <em>Silence<\/em> n\u2019est pas un refuge. C\u2019est une direction. Un espace pour celles et ceux qui con\u00e7oivent autrement, qui ne veulent plus ajouter au bruit mais redonner de la tenue aux choses.<\/p>\t\t\t\t\t\t\t\t<\/div>\n\t\t\t\t<\/div>\n\t\t\t\t\t<\/div>\n\t\t\t\t<\/div>\n\t\t\t\t<\/div>","protected":false},"excerpt":{"rendered":"<p>Accueil \/ \u00c0 propos \u00c0 propos du magazine silence Silence est un magazine en ligne ind\u00e9pendant consacr\u00e9 au slow design, aux objets durables, \u00e0 la consommation responsable et \u00e0 la lutte contre l\u2019obsolescence esth\u00e9tique. Nous mettons en lumi\u00e8re les cr\u00e9ateurs, designers et entreprises qui d\u00e9fendent une vision plus sobre, plus belle et plus durable du&#8230;<\/p>","protected":false},"author":1,"featured_media":0,"parent":0,"menu_order":0,"comment_status":"closed","ping_status":"closed","template":"","meta":{"footnotes":""},"class_list":["post-2199","page","type-page","status-publish","hentry"],"_links":{"self":[{"href":"https:\/\/silence-magazine.com\/en\/wp-json\/wp\/v2\/pages\/2199","targetHints":{"allow":["GET"]}}],"collection":[{"href":"https:\/\/silence-magazine.com\/en\/wp-json\/wp\/v2\/pages"}],"about":[{"href":"https:\/\/silence-magazine.com\/en\/wp-json\/wp\/v2\/types\/page"}],"author":[{"embeddable":true,"href":"https:\/\/silence-magazine.com\/en\/wp-json\/wp\/v2\/users\/1"}],"replies":[{"embeddable":true,"href":"https:\/\/silence-magazine.com\/en\/wp-json\/wp\/v2\/comments?post=2199"}],"version-history":[{"count":0,"href":"https:\/\/silence-magazine.com\/en\/wp-json\/wp\/v2\/pages\/2199\/revisions"}],"wp:attachment":[{"href":"https:\/\/silence-magazine.com\/en\/wp-json\/wp\/v2\/media?parent=2199"}],"curies":[{"name":"wp","href":"https:\/\/api.w.org\/{rel}","templated":true}]}}