{"id":2271,"date":"2024-12-10T17:37:04","date_gmt":"2024-12-10T17:37:04","guid":{"rendered":"https:\/\/neuronthemes.com\/zaan\/?page_id=2271"},"modified":"2025-06-08T15:08:53","modified_gmt":"2025-06-08T13:08:53","slug":"contact-silence-magazine-redaction","status":"publish","type":"page","link":"https:\/\/silence-magazine.com\/en\/contact-silence-magazine-redaction\/","title":{"rendered":"Contact"},"content":{"rendered":"\t\t<div data-elementor-type=\"wp-page\" data-elementor-id=\"2271\" class=\"elementor elementor-2271\" data-elementor-post-type=\"page\">\n\t\t\t\t<div class=\"elementor-element elementor-element-5808c06 e-con-full n-zaan-container--wide e-flex e-con e-child\" data-id=\"5808c06\" data-element_type=\"container\" data-e-type=\"container\">\n\t\t\t\t<div class=\"elementor-element elementor-element-8c1c53f elementor-widget elementor-widget-neuron-breadcrumbs\" data-id=\"8c1c53f\" data-element_type=\"widget\" data-e-type=\"widget\" data-widget_type=\"neuron-breadcrumbs.default\">\n\t\t\t\t<div class=\"elementor-widget-container\">\n\t\t\t\t\t\r\n\t\t\t<div class=\"m-neuron-breadcrumbs\" aria-label=\"You are here:\">\r\n\t\t\t\t<span class=\"m-neuron-breadcrumbs__item\"><a href=\"https:\/\/silence-magazine.com\/\">Accueil -<\/a><\/span> <span class=\"m-neuron-breadcrumbs__separator\"> <\/span> <span class=\"m-neuron-breadcrumbs__item\" aria-current=\"page\">Contact<\/span>\t\t\t<\/div>\r\n\r\n\t\t   \t\t\t\t<\/div>\n\t\t\t\t<\/div>\n\t\t\t\t<\/div>\n\t\t<div class=\"elementor-element elementor-element-28a5a4d e-con-full n-zaan-container--wide e-flex e-con e-parent\" data-id=\"28a5a4d\" data-element_type=\"container\" data-e-type=\"container\">\n\t\t\t\t<div class=\"elementor-element elementor-element-f8dfd9e elementor-widget elementor-widget-heading\" data-id=\"f8dfd9e\" data-element_type=\"widget\" data-e-type=\"widget\" data-widget_type=\"heading.default\">\n\t\t\t\t<div class=\"elementor-widget-container\">\n\t\t\t\t\t<h1 class=\"elementor-heading-title elementor-size-default\">Contactez la r\u00e9daction<\/h1>\t\t\t\t<\/div>\n\t\t\t\t<\/div>\n\t\t\t\t<\/div>\n\t\t<div class=\"elementor-element elementor-element-b63c6b7 e-con-full n-zaan-container--wide e-flex e-con e-parent\" data-id=\"b63c6b7\" data-element_type=\"container\" data-e-type=\"container\">\n\t\t<div class=\"elementor-element elementor-element-9b599c4 e-con-full e-flex e-con e-child\" data-id=\"9b599c4\" data-element_type=\"container\" data-e-type=\"container\">\n\t\t<div class=\"elementor-element elementor-element-ce6cc16 e-con-full e-flex e-con e-child\" data-id=\"ce6cc16\" data-element_type=\"container\" data-e-type=\"container\">\n\t\t\t\t<div class=\"elementor-element elementor-element-abd5f17 elementor-widget elementor-widget-heading\" data-id=\"abd5f17\" data-element_type=\"widget\" data-e-type=\"widget\" data-widget_type=\"heading.default\">\n\t\t\t\t<div class=\"elementor-widget-container\">\n\t\t\t\t\t<h2 class=\"elementor-heading-title elementor-size-default\">Une question, une envie de collaboration ou simplement quelques mots \u00e0 partager ?<\/h2>\t\t\t\t<\/div>\n\t\t\t\t<\/div>\n\t\t\t\t<\/div>\n\t\t<div class=\"elementor-element elementor-element-0235ba7 e-con-full e-flex e-con e-child\" data-id=\"0235ba7\" data-element_type=\"container\" data-e-type=\"container\">\n\t\t<div class=\"elementor-element elementor-element-d5d635e e-con-full e-flex e-con e-child\" data-id=\"d5d635e\" data-element_type=\"container\" data-e-type=\"container\">\n\t\t\t\t<div class=\"elementor-element elementor-element-3907f90 elementor-widget elementor-widget-heading\" data-id=\"3907f90\" data-element_type=\"widget\" data-e-type=\"widget\" data-widget_type=\"heading.default\">\n\t\t\t\t<div class=\"elementor-widget-container\">\n\t\t\t\t\t<h3 class=\"elementor-heading-title elementor-size-default\">R\u00e9dation de Silence Magazine<\/h3>\t\t\t\t<\/div>\n\t\t\t\t<\/div>\n\t\t\t\t<div class=\"elementor-element elementor-element-3fdfb05 elementor-widget elementor-widget-heading\" data-id=\"3fdfb05\" data-element_type=\"widget\" data-e-type=\"widget\" data-widget_type=\"heading.default\">\n\t\t\t\t<div class=\"elementor-widget-container\">\n\t\t\t\t\t<span class=\"elementor-heading-title elementor-size-default\">23 all\u00e9e du Levant 69570 Lyon-Dardilly<\/span>\t\t\t\t<\/div>\n\t\t\t\t<\/div>\n\t\t\t\t<\/div>\n\t\t<div class=\"elementor-element elementor-element-d59cb2b e-con-full e-flex e-con e-child\" data-id=\"d59cb2b\" data-element_type=\"container\" data-e-type=\"container\">\n\t\t\t\t<div class=\"elementor-element elementor-element-e5be0b0 elementor-widget elementor-widget-heading\" data-id=\"e5be0b0\" data-element_type=\"widget\" data-e-type=\"widget\" data-widget_type=\"heading.default\">\n\t\t\t\t<div class=\"elementor-widget-container\">\n\t\t\t\t\t<h3 class=\"elementor-heading-title elementor-size-default\">T\u00e9l\u00e9phone<\/h3>\t\t\t\t<\/div>\n\t\t\t\t<\/div>\n\t\t\t\t<div class=\"elementor-element elementor-element-f208493 elementor-icon-list--layout-traditional elementor-list-item-link-full_width elementor-widget elementor-widget-icon-list\" data-id=\"f208493\" data-element_type=\"widget\" data-e-type=\"widget\" data-widget_type=\"icon-list.default\">\n\t\t\t\t<div class=\"elementor-widget-container\">\n\t\t\t\t\t\t\t<ul class=\"elementor-icon-list-items\">\n\t\t\t\t\t\t\t<li class=\"elementor-icon-list-item\">\n\t\t\t\t\t\t\t\t\t\t<span class=\"elementor-icon-list-text\">+(33) 6 10 78 48 04<\/span>\n\t\t\t\t\t\t\t\t\t<\/li>\n\t\t\t\t\t\t<\/ul>\n\t\t\t\t\t\t<\/div>\n\t\t\t\t<\/div>\n\t\t\t\t<\/div>\n\t\t\t\t<\/div>\n\t\t<div class=\"elementor-element elementor-element-6899853 e-con-full e-flex e-con e-child\" data-id=\"6899853\" data-element_type=\"container\" data-e-type=\"container\">\n\t\t<div class=\"elementor-element elementor-element-ffc4384 e-con-full e-flex e-con e-child\" data-id=\"ffc4384\" data-element_type=\"container\" data-e-type=\"container\">\n\t\t\t\t<div class=\"elementor-element elementor-element-dec7d89 elementor-widget elementor-widget-heading\" data-id=\"dec7d89\" data-element_type=\"widget\" data-e-type=\"widget\" data-widget_type=\"heading.default\">\n\t\t\t\t<div class=\"elementor-widget-container\">\n\t\t\t\t\t<h3 class=\"elementor-heading-title elementor-size-default\">Agence Bon Pied Bon \u0152il<\/h3>\t\t\t\t<\/div>\n\t\t\t\t<\/div>\n\t\t\t\t<div class=\"elementor-element elementor-element-f6eee3a elementor-widget elementor-widget-heading\" data-id=\"f6eee3a\" data-element_type=\"widget\" data-e-type=\"widget\" data-widget_type=\"heading.default\">\n\t\t\t\t<div class=\"elementor-widget-container\">\n\t\t\t\t\t<span class=\"elementor-heading-title elementor-size-default\">60 rue Fran\u00e7ois 1er 75008 Paris<\/span>\t\t\t\t<\/div>\n\t\t\t\t<\/div>\n\t\t\t\t<\/div>\n\t\t<div class=\"elementor-element elementor-element-fe970ba e-con-full e-flex e-con e-child\" data-id=\"fe970ba\" data-element_type=\"container\" data-e-type=\"container\">\n\t\t\t\t<div class=\"elementor-element elementor-element-3198ba7 elementor-widget elementor-widget-heading\" data-id=\"3198ba7\" data-element_type=\"widget\" data-e-type=\"widget\" data-widget_type=\"heading.default\">\n\t\t\t\t<div class=\"elementor-widget-container\">\n\t\t\t\t\t<h3 class=\"elementor-heading-title elementor-size-default\">T\u00e9l\u00e9phone<\/h3>\t\t\t\t<\/div>\n\t\t\t\t<\/div>\n\t\t\t\t<div class=\"elementor-element elementor-element-c680043 elementor-icon-list--layout-traditional elementor-list-item-link-full_width elementor-widget elementor-widget-icon-list\" data-id=\"c680043\" data-element_type=\"widget\" data-e-type=\"widget\" data-widget_type=\"icon-list.default\">\n\t\t\t\t<div class=\"elementor-widget-container\">\n\t\t\t\t\t\t\t<ul class=\"elementor-icon-list-items\">\n\t\t\t\t\t\t\t<li class=\"elementor-icon-list-item\">\n\t\t\t\t\t\t\t\t\t\t<span class=\"elementor-icon-list-text\">+(33) 6 10 78 48 04<\/span>\n\t\t\t\t\t\t\t\t\t<\/li>\n\t\t\t\t\t\t<\/ul>\n\t\t\t\t\t\t<\/div>\n\t\t\t\t<\/div>\n\t\t\t\t<\/div>\n\t\t\t\t<\/div>\n\t\t\t\t<\/div>\n\t\t<div class=\"elementor-element elementor-element-73bbd8b e-con-full e-flex e-con e-child\" data-id=\"73bbd8b\" data-element_type=\"container\" data-e-type=\"container\">\n\t\t\t\t<div class=\"elementor-element elementor-element-7640170 elementor-widget elementor-widget-neuron-form\" data-id=\"7640170\" data-element_type=\"widget\" data-e-type=\"widget\" data-widget_type=\"neuron-form.default\">\n\t\t\t\t<div class=\"elementor-widget-container\">\n\t\t\t\t\t\t\t<form class=\"m-neuron-form\" method=\"post\" name=\"Contact\">\r\n\t\t\t<input type=\"hidden\" name=\"post_id\" value=\"2271\"\/>\r\n\t\t\t<input type=\"hidden\" name=\"form_id\" value=\"7640170\"\/>\r\n\r\n\t\t\t\t\t\t<div class=\"m-neuron-form__field-group--text m-neuron-form__field-group elementor-repeater-item-549626a m-neuron-form__field-group--required m-neuron-form__field-group--mark-required\">\r\n\t\t\t\t<label for=\"form-field-name\" class=\"m-neuron-form__label\">Nom<\/label><input size=\"1\" type=\"text\" name=\"form_fields[name]\" id=\"form-field-name\" class=\"m-neuron-form__field h-neuron-size-sm  m-neuron-form__input\" placeholder=\"Pr\u00e9nom et Nom\" required=\"required\" aria-required=\"true\">\t\t\t<\/div>\r\n\t\t\t\t\t\t<div class=\"m-neuron-form__field-group--email m-neuron-form__field-group elementor-repeater-item-c3c0b7c m-neuron-form__field-group--required m-neuron-form__field-group--mark-required\">\r\n\t\t\t\t<label for=\"form-field-email\" class=\"m-neuron-form__label\">Email<\/label><input size=\"1\" type=\"email\" name=\"form_fields[email]\" id=\"form-field-email\" class=\"m-neuron-form__field h-neuron-size-sm  m-neuron-form__input\" placeholder=\"Votre adresse Email\" required=\"required\" aria-required=\"true\">\t\t\t<\/div>\r\n\t\t\t\t\t\t<div class=\"m-neuron-form__field-group--textarea m-neuron-form__field-group elementor-repeater-item-2bd9db7 m-neuron-form__field-group--required m-neuron-form__field-group--mark-required\">\r\n\t\t\t\t<label for=\"form-field-message\" class=\"m-neuron-form__label\">Votre message<\/label><textarea class=\"m-neuron-form__field  h-neuron-size-sm\" name=\"form_fields[message]\" id=\"form-field-message\" rows=\"4\" placeholder=\"Ecrivez ici votre message\" required=\"required\" aria-required=\"true\"><\/textarea>\t\t\t<\/div>\r\n\t\t\t\t\t\t<div class=\"m-neuron-form__field-group m-neuron-form__button\">\r\n\t\t\t\t<button type=\"submit\" class=\"m-neuron-form__submit-button a-neuron-button h-neuron-size--sm\">\r\n\t\t\t\t\t<span >\r\n\t\t\t\t\t\t\t\t\t\t\t\t\t<span class=\"m-neuron-form__button-icon\">\r\n\t\t\t\t\t\t\t\t\t\t\t\t\t\t\t\t\t\t\t\t\t\t\t<\/span>\r\n\t\t\t\t\t\t\t\t\t\t\t\t\t\t\t\t\t\t\t<span class=\"m-neuron-form__button-text\">Envoyez votre message<\/span>\r\n\t\t\t\t\t\t\t\t\t\t\t<\/span>\r\n\t\t\t\t<\/button>\r\n\t\t\t<\/div>\r\n\t\t<\/form>\r\n\t\t\t\t\t\t<\/div>\n\t\t\t\t<\/div>\n\t\t\t\t<\/div>\n\t\t\t\t<\/div>\n\t\t\t\t<\/div>\n\t\t","protected":false},"excerpt":{"rendered":"<p>Accueil &#8211; Contact Contactez la r\u00e9daction Une question, une envie de collaboration ou simplement quelques mots \u00e0 partager ? R\u00e9dation de Silence Magazine 23 all\u00e9e du Levant 69570 Lyon-Dardilly T\u00e9l\u00e9phone +(33) 6 10 78 48 04 Agence Bon Pied Bon \u0152il 60 rue Fran\u00e7ois 1er 75008 Paris T\u00e9l\u00e9phone +(33) 6 10 78 48 04<\/p>","protected":false},"author":1,"featured_media":0,"parent":0,"menu_order":0,"comment_status":"closed","ping_status":"closed","template":"","meta":{"footnotes":""},"class_list":["post-2271","page","type-page","status-publish","hentry"],"_links":{"self":[{"href":"https:\/\/silence-magazine.com\/en\/wp-json\/wp\/v2\/pages\/2271","targetHints":{"allow":["GET"]}}],"collection":[{"href":"https:\/\/silence-magazine.com\/en\/wp-json\/wp\/v2\/pages"}],"about":[{"href":"https:\/\/silence-magazine.com\/en\/wp-json\/wp\/v2\/types\/page"}],"author":[{"embeddable":true,"href":"https:\/\/silence-magazine.com\/en\/wp-json\/wp\/v2\/users\/1"}],"replies":[{"embeddable":true,"href":"https:\/\/silence-magazine.com\/en\/wp-json\/wp\/v2\/comments?post=2271"}],"version-history":[{"count":0,"href":"https:\/\/silence-magazine.com\/en\/wp-json\/wp\/v2\/pages\/2271\/revisions"}],"wp:attachment":[{"href":"https:\/\/silence-magazine.com\/en\/wp-json\/wp\/v2\/media?parent=2271"}],"curies":[{"name":"wp","href":"https:\/\/api.w.org\/{rel}","templated":true}]}}