{"id":3,"date":"2025-05-14T13:00:50","date_gmt":"2025-05-14T13:00:50","guid":{"rendered":"https:\/\/silence-magazine.com\/?page_id=3"},"modified":"2026-01-13T21:08:02","modified_gmt":"2026-01-13T20:08:02","slug":"mentions-legales-conditions-generales-d-utilisation","status":"publish","type":"page","link":"https:\/\/silence-magazine.com\/en\/mentions-legales-conditions-generales-d-utilisation\/","title":{"rendered":"mentions legales"},"content":{"rendered":"<div data-elementor-type=\"wp-page\" data-elementor-id=\"3\" class=\"elementor elementor-3\" data-elementor-post-type=\"page\">\n\t\t\t\t<div class=\"elementor-element elementor-element-43eda299 e-flex e-con-boxed e-con e-parent\" data-id=\"43eda299\" data-element_type=\"container\" data-e-type=\"container\">\n\t\t\t\t\t<div class=\"e-con-inner\">\n\t\t\t\t<div class=\"elementor-element elementor-element-b915763 elementor-widget elementor-widget-text-editor\" data-id=\"b915763\" data-element_type=\"widget\" data-e-type=\"widget\" data-widget_type=\"text-editor.default\">\n\t\t\t\t<div class=\"elementor-widget-container\">\n\t\t\t\t\t\t\t\t\t<h2><strong>Silence \u2013 The Slow Design Magazine<\/strong><\/h2><p>Site \u00e9dit\u00e9 par : Agence Bon Pied Bon \u0152il \u2013 60 rue Fran\u00e7ois 1er, 75008 Paris<br \/>Responsable de la publication : R\u00e9mi REGUIN<br \/>Contact : redaction@silence-magazine.com<br \/>Site internet : <a href=\"https:\/\/silence-magazine.com\/\" target=\"_blank\" rel=\"noopener\">https:\/\/silence-magazine.com<\/a><\/p><h3>H\u00e9bergeur<\/h3><p>Le site est h\u00e9berg\u00e9 par :<br \/><strong>IONOS SARL<\/strong><br \/>7, place de la Gare<br \/>BP 70109<br \/>57201 Sarreguemines Cedex<br \/>T\u00e9l. : 0970 808 911<br \/>Site : <a href=\"https:\/\/www.ionos.fr\/\" target=\"_blank\" rel=\"noopener\">www.ionos.fr<\/a><\/p><hr \/><h2>Propri\u00e9t\u00e9 intellectuelle<\/h2><p>Tous les contenus pr\u00e9sents sur le site <strong>Silence \u2013 The Slow Design Magazine<\/strong>, incluant, de fa\u00e7on non limitative, les textes, photographies, illustrations, visuels, logos, vid\u00e9os, fichiers t\u00e9l\u00e9chargeables, structures g\u00e9n\u00e9rales et bases de donn\u00e9es, sont la propri\u00e9t\u00e9 exclusive de l\u2019\u00e9diteur du site, sauf mention contraire explicite.<\/p><p>Toute reproduction, repr\u00e9sentation, modification, publication, adaptation, totale ou partielle, de ces \u00e9l\u00e9ments, quel que soit le moyen ou le proc\u00e9d\u00e9 utilis\u00e9, est interdite, sauf autorisation \u00e9crite pr\u00e9alable.<\/p><p>L\u2019utilisation non autoris\u00e9e des contenus du site pourra faire l\u2019objet de poursuites conform\u00e9ment aux articles L.335-2 et suivants du Code de la propri\u00e9t\u00e9 intellectuelle.<\/p><hr \/><h2>Donn\u00e9es personnelles<\/h2><p>Les donn\u00e9es collect\u00e9es via les formulaires du site (newsletter, commentaires, formulaire de contact\u2026) sont destin\u00e9es exclusivement \u00e0 l\u2019usage interne de Silence Magazine.<br \/>Conform\u00e9ment au <strong>R\u00e8glement G\u00e9n\u00e9ral sur la Protection des Donn\u00e9es (RGPD)<\/strong> et \u00e0 la <strong>loi Informatique et Libert\u00e9s<\/strong>, vous disposez d\u2019un droit d\u2019acc\u00e8s, de rectification, de limitation, d\u2019opposition et de suppression des donn\u00e9es vous concernant.<\/p><p>Pour exercer ces droits, vous pouvez adresser votre demande \u00e0 :<br \/>redaction@silence-magazine.com<br \/>Ou par courrier \u00e0 l\u2019adresse de l\u2019\u00e9diteur (voir plus haut).<\/p><p>Le site utilise \u00e9galement des cookies \u00e0 des fins statistiques, de personnalisation du contenu et de mesure d\u2019audience. Pour en savoir plus et param\u00e9trer vos pr\u00e9f\u00e9rences, consultez notre Politique de cookies.<\/p><hr \/><h2>Responsabilit\u00e9<\/h2><p>Le site <strong>Silence \u2013 The Slow Design Magazine<\/strong> propose des contenus \u00e9ditoriaux \u00e0 but informatif. Malgr\u00e9 tout le soin apport\u00e9 \u00e0 leur r\u00e9daction, des erreurs ou omissions peuvent subsister. L\u2019utilisateur est donc invit\u00e9 \u00e0 v\u00e9rifier l\u2019exactitude des informations fournies et \u00e0 signaler toute anomalie via notre formulaire de contact.<\/p><p>L\u2019\u00e9diteur ne saurait \u00eatre tenu responsable de l\u2019utilisation faite des informations contenues sur le site ni des \u00e9ventuels dommages directs ou indirects pouvant en d\u00e9couler.<\/p><hr \/><h2>Liens hypertextes<\/h2><p>Le site peut contenir des liens vers d\u2019autres sites internet. Silence Magazine ne peut \u00eatre tenu responsable du contenu de ces sites tiers ni des \u00e9ventuels pr\u00e9judices qu\u2019ils pourraient causer.<\/p><hr \/><h2>Conditions d\u2019utilisation<\/h2><p>L\u2019acc\u00e8s au site est libre et gratuit. Toutefois, l\u2019\u00e9diteur se r\u00e9serve le droit de modifier \u00e0 tout moment les pr\u00e9sentes mentions, ainsi que les contenus ou fonctionnalit\u00e9s du site, sans pr\u00e9avis.<br \/>L\u2019utilisateur s\u2019engage \u00e0 respecter les r\u00e8gles de bon usage du web et \u00e0 ne pas compromettre le bon fonctionnement du site.<\/p><hr \/><h2>Cr\u00e9dits<\/h2><p>Identit\u00e9 visuelle, conception \u00e9ditoriale et r\u00e9alisation :<br \/>Agence Bon Pied Bon \u0152il<br \/>Photographies : Silence Magazine, cr\u00e9ateurs partenaires, banques d\u2019images libres de droits (Unsplash, Pexels, etc.)<br \/>Marketing partner : <a href=\"https:\/\/actions-brutales.fr\/\" data-type=\"link\" data-id=\"https:\/\/actions-brutales.fr\" target=\"_blank\" rel=\"noopener\">Actions Burtales<\/a><br \/>SEO partner :\u00a0<a href=\"https:\/\/actions-brutales.fr\/accueil\/toutes-les-offres-marketing-digital\/seo-referencement-organique\/\" target=\"_blank\" rel=\"noopener\">Actions Burtales<\/a><br \/>SEA partner :\u00a0<a href=\"https:\/\/actions-brutales.fr\/accueil\/toutes-les-offres-marketing-digital\/sea-google-social-ads\/\" target=\"_blank\" rel=\"noopener\">Actions Brutales<\/a><br \/>IA partner :\u00a0<a href=\"https:\/\/actions-brutales.fr\/accueil\/toutes-les-offres-marketing-digital\/seo-ia-llm-intelligences-artificielles\/\" target=\"_blank\" rel=\"noopener\">Actions Brutales<\/a><br \/>Web site partner :\u00a0<a href=\"https:\/\/actions-brutales.fr\/accueil\/toutes-les-offres-marketing-digital\/site-web-branding\/\" target=\"_blank\" rel=\"noopener\">Actions Brutales<\/a><br \/>AI autmatisation :\u00a0<a href=\"https:\/\/actions-brutales.fr\/accueil\/toutes-les-offres-marketing-digital\/automatisations-ia\/\" target=\"_blank\" rel=\"noopener\">Actions Brutales<\/a><\/p>\t\t\t\t\t\t\t\t<\/div>\n\t\t\t\t<\/div>\n\t\t\t\t\t<\/div>\n\t\t\t\t<\/div>\n\t\t\t\t<\/div>","protected":false},"excerpt":{"rendered":"<p>Silence \u2013 The Slow Design Magazine Site \u00e9dit\u00e9 par : Agence Bon Pied Bon \u0152il \u2013 60 rue Fran\u00e7ois 1er, 75008 ParisResponsable de la publication : R\u00e9mi REGUINContact : redaction@silence-magazine.comSite internet : https:\/\/silence-magazine.com H\u00e9bergeur Le site est h\u00e9berg\u00e9 par :IONOS SARL7, place de la GareBP 7010957201 Sarreguemines CedexT\u00e9l. : 0970 808 911Site : www.ionos.fr Propri\u00e9t\u00e9&#8230;<\/p>","protected":false},"author":1,"featured_media":0,"parent":0,"menu_order":0,"comment_status":"closed","ping_status":"closed","template":"","meta":{"footnotes":""},"class_list":["post-3","page","type-page","status-publish","hentry"],"_links":{"self":[{"href":"https:\/\/silence-magazine.com\/en\/wp-json\/wp\/v2\/pages\/3","targetHints":{"allow":["GET"]}}],"collection":[{"href":"https:\/\/silence-magazine.com\/en\/wp-json\/wp\/v2\/pages"}],"about":[{"href":"https:\/\/silence-magazine.com\/en\/wp-json\/wp\/v2\/types\/page"}],"author":[{"embeddable":true,"href":"https:\/\/silence-magazine.com\/en\/wp-json\/wp\/v2\/users\/1"}],"replies":[{"embeddable":true,"href":"https:\/\/silence-magazine.com\/en\/wp-json\/wp\/v2\/comments?post=3"}],"version-history":[{"count":6,"href":"https:\/\/silence-magazine.com\/en\/wp-json\/wp\/v2\/pages\/3\/revisions"}],"predecessor-version":[{"id":10343,"href":"https:\/\/silence-magazine.com\/en\/wp-json\/wp\/v2\/pages\/3\/revisions\/10343"}],"wp:attachment":[{"href":"https:\/\/silence-magazine.com\/en\/wp-json\/wp\/v2\/media?parent=3"}],"curies":[{"name":"wp","href":"https:\/\/api.w.org\/{rel}","templated":true}]}}